{"id":20077,"date":"2024-10-18T12:23:41","date_gmt":"2024-10-18T12:23:41","guid":{"rendered":"https:\/\/alsaqer-dates.com\/?page_id=20077"},"modified":"2024-10-18T15:10:22","modified_gmt":"2024-10-18T15:10:22","slug":"inprint","status":"publish","type":"page","link":"https:\/\/alsaqer-dates.com\/de\/inprint\/","title":{"rendered":"Inprint"},"content":{"rendered":"<div class=\"elementor-element elementor-element-a6cbfae elementor-widget elementor-widget-heading\" data-id=\"a6cbfae\" data-element_type=\"widget\" data-widget_type=\"heading.default\">\n<div class=\"elementor-widget-container\">\n<h2 class=\"elementor-heading-title elementor-size-default\">Imprint<\/h2>\n<h2 class=\"elementor-heading-title elementor-size-default\"><img loading=\"lazy\" decoding=\"async\" class=\"alignnone wp-image-19612\" src=\"https:\/\/alsaqer-dates.com\/wp-content\/uploads\/2024\/09\/Logo-Fond-Blanc-300x134.png\" alt=\"\" width=\"177\" height=\"79\" srcset=\"https:\/\/alsaqer-dates.com\/wp-content\/uploads\/2024\/09\/Logo-Fond-Blanc-300x134.png 300w, https:\/\/alsaqer-dates.com\/wp-content\/uploads\/2024\/09\/Logo-Fond-Blanc-1024x457.png 1024w, https:\/\/alsaqer-dates.com\/wp-content\/uploads\/2024\/09\/Logo-Fond-Blanc-768x343.png 768w, https:\/\/alsaqer-dates.com\/wp-content\/uploads\/2024\/09\/Logo-Fond-Blanc-600x268.png 600w, https:\/\/alsaqer-dates.com\/wp-content\/uploads\/2024\/09\/Logo-Fond-Blanc.png 1040w\" sizes=\"auto, (max-width: 177px) 100vw, 177px\" \/><\/h2>\n<\/div>\n<\/div>\n<div class=\"elementor-element elementor-element-4d5d9ee elementor-widget elementor-widget-text-editor\" data-id=\"4d5d9ee\" data-element_type=\"widget\" data-widget_type=\"text-editor.default\">\n<div class=\"elementor-widget-container\">\n<div class=\"elementor-text-editor elementor-clearfix\">\n<p>According to \u00a7 5 TMG:<\/p>\n<p><strong>Alsaqer Oasis\u00a0<\/strong><br \/>\nHolstenstra\u00dfe 40<br \/>\n23552 L\u00fcbeck<\/p>\n<p>Branch in Karlstein<br \/>\nHanauer Landstra\u00dfe 115<br \/>\n63791 Karlstein<\/p>\n<p>Authorized to represent: Nessim Fdhila<br \/>\nProcura: Nessim Fdhila<\/p>\n<p>Sales tax identification number: DExxxxxxxxxxx<\/p>\n<p>Contact info:<br \/>\nTelephone: 0451 \u2013 8833 9754<br \/>\nFax: 0451 \u2013 8833 3498<br \/>\nE-Mail: <a href=\"mailto:info@alsaqer-dates.com\">info@alsaqer-dates.com<\/a><\/p>\n<p>Entry in the commercial register at L\u00fcbeck district court: HRB 20130 HL<\/p>\n<\/div>\n<\/div>\n<\/div>\n<p>&nbsp;<\/p>\n<p>&nbsp;<\/p>","protected":false},"excerpt":{"rendered":"<p>Imprint According to \u00a7 5 TMG: Alsaqer Oasis\u00a0 Holstenstra\u00dfe 40 23552 L\u00fcbeck Branch in Karlstein Hanauer Landstra\u00dfe 115 63791 Karlstein Authorized to represent: Nessim Fdhila Procura: Nessim Fdhila Sales tax identification number: DExxxxxxxxxxx Contact info: Telephone: 0451 \u2013 8833 9754 Fax:&#8230;<\/p>","protected":false},"author":2,"featured_media":0,"parent":0,"menu_order":0,"comment_status":"closed","ping_status":"closed","template":"elementor_theme","meta":{"footnotes":""},"class_list":["post-20077","page","type-page","status-publish","hentry"],"_links":{"self":[{"href":"https:\/\/alsaqer-dates.com\/de\/wp-json\/wp\/v2\/pages\/20077","targetHints":{"allow":["GET"]}}],"collection":[{"href":"https:\/\/alsaqer-dates.com\/de\/wp-json\/wp\/v2\/pages"}],"about":[{"href":"https:\/\/alsaqer-dates.com\/de\/wp-json\/wp\/v2\/types\/page"}],"author":[{"embeddable":true,"href":"https:\/\/alsaqer-dates.com\/de\/wp-json\/wp\/v2\/users\/2"}],"replies":[{"embeddable":true,"href":"https:\/\/alsaqer-dates.com\/de\/wp-json\/wp\/v2\/comments?post=20077"}],"version-history":[{"count":13,"href":"https:\/\/alsaqer-dates.com\/de\/wp-json\/wp\/v2\/pages\/20077\/revisions"}],"predecessor-version":[{"id":20090,"href":"https:\/\/alsaqer-dates.com\/de\/wp-json\/wp\/v2\/pages\/20077\/revisions\/20090"}],"wp:attachment":[{"href":"https:\/\/alsaqer-dates.com\/de\/wp-json\/wp\/v2\/media?parent=20077"}],"curies":[{"name":"wp","href":"https:\/\/api.w.org\/{rel}","templated":true}]}}